{"id":291,"date":"2018-10-25T07:38:13","date_gmt":"2018-10-25T07:38:13","guid":{"rendered":"https:\/\/www.eldeco.es\/trends\/?page_id=291"},"modified":"2020-03-10T10:44:19","modified_gmt":"2020-03-10T10:44:19","slug":"politica-de-privacidad","status":"publish","type":"page","link":"https:\/\/www.eldeco.es\/trends\/politica-de-privacidad\/","title":{"rendered":"Pol\u00edtica de Privacidad"},"content":{"rendered":"<p>[et_pb_section fb_built=\u00bb1&#8243; _builder_version=\u00bb3.14&#8243; custom_padding=\u00bb0|0px|0|0px|true|false\u00bb background_color=\u00bb#000000&#8243;][et_pb_row custom_padding=\u00bb8px|0px|0|0px|false|false\u00bb _builder_version=\u00bb3.14&#8243;][et_pb_column type=\u00bb4_4&#8243; _builder_version=\u00bb3.14&#8243; parallax=\u00bboff\u00bb parallax_method=\u00bbon\u00bb][et_pb_image src=\u00bbhttps:\/\/www.eldeco.es\/trends\/wp-content\/uploads\/2018\/09\/LOGOTIPO-ELDECO-NEGATIVO-02.png\u00bb url=\u00bbhttp:\/\/www.eldeco.es\/\u00bb url_new_window=\u00bbon\u00bb _builder_version=\u00bb3.14&#8243; max_width=\u00bb40%\u00bb max_width_tablet=\u00bb96%\u00bb max_width_last_edited=\u00bbon|phone\u00bb module_alignment=\u00bbcenter\u00bb][\/et_pb_image][\/et_pb_column][\/et_pb_row][\/et_pb_section][et_pb_section fb_built=\u00bb1&#8243; _builder_version=\u00bb3.14&#8243; parallax=\u00bbon\u00bb custom_padding=\u00bb70px|0px|70px|0px|true|false\u00bb][et_pb_row _builder_version=\u00bb3.14&#8243;][et_pb_column type=\u00bb4_4&#8243; _builder_version=\u00bb3.14&#8243; parallax=\u00bboff\u00bb parallax_method=\u00bbon\u00bb][et_pb_text _builder_version=\u00bb3.14&#8243;]<\/p>\n<h1>Pol\u00edtica de Privacidad<\/h1>\n<p>Le damos la bienvenida a la web de eldeco.es y le invitamos a conocer estos t\u00e9rminos antes de que facilite sus datos personales en ella.<br \/>\nEn Eldeco Florencio Caballero S.L. es una prioridad el respeto y la protecci\u00f3n de los datos personales de los usuarios. Como usuario, debe saber que sus derechos est\u00e1n garantizados en esta web.<\/p>\n<h3>Nuestros principios respecto a su privacidad:<\/h3>\n<p>\u2022 Nunca solicitaremos informaci\u00f3n personal a menos que realmente sea necesaria para prestarle los servicios requeridos.<br \/>\n\u2022 Nunca compartiremos informaci\u00f3n personal de los usuarios con nadie, excepto para cumplir con la ley o en caso de que cuente con la autorizaci\u00f3n expresa de dichos usuarios.<br \/>\n\u2022 Nunca utilizaremos sus datos personales con una finalidad diferente a la expresada en esta pol\u00edtica de privacidad.<\/p>\n<p>Esta Pol\u00edtica de Privacidad podr\u00eda variar en funci\u00f3n de exigencias legislativas o de autorregulaci\u00f3n, por lo que le aconsejamos como usuario que la visite peri\u00f3dicamente. Ser\u00e1 aplicable en caso de que los usuarios decidan rellenar cualquiera de sus formularios de contacto donde se recaben datos de car\u00e1cter personal.<\/p>\n<p>Regulaciones legales a las que se acoge esta web<\/p>\n<p>Eldeco Florencio Caballero S.L. ha adecuado esta web a las exigencias de la Ley Org\u00e1nica 15\/1999, de 13 de diciembre, de Protecci\u00f3n de Datos de Car\u00e1cter Personal (LOPD), y al Real Decreto 1720\/2007, de 21 de diciembre, conocido como el Reglamento de desarrollo de la LOPD.&nbsp;Cumple tambi\u00e9n con el Reglamento (UE) 2016\/679 del Parlamento Europeo y del Consejo de 27 de abril de&nbsp;2016 relativo a la protecci\u00f3n de las personas f\u00edsicas (RGPD), as\u00ed como con la Ley 34\/2002, de 11 de julio, de&nbsp;Servicios de la Sociedad de la Informaci\u00f3n y Comercio Electr\u00f3nico (LSSICE o LSSI).<\/p>\n<h3>Responsable del tratamiento de tus datos personales<\/h3>\n<p>\u2022 Identidad del responsable:\u200b Mar\u00eda J. Caballero P\u00e9rez<br \/>\n\u2022 Nombre comercial:\u200b Eldeco Florencio Caballero S.L.<br \/>\n\u2022 CIF:\u200b B02147718<br \/>\n\u2022 Direcci\u00f3n:\u200b Partida Cap Blanch nave 38 A<br \/>\n\u2022 Correo electr\u00f3nico:\u200b <a href=\"mailto:info@eldeco.es\">info@eldeco.es<\/a><\/p>\n<p>A efectos de lo previsto en el Reglamento General de Protecci\u00f3n de Datos antes citado, los datos personales que usted nos env\u00ede a trav\u00e9s de los formularios de la web recibir\u00e1n el tratamiento de datos de \u201cUsuarios de la web y suscriptores\u201d. Para el tratamiento de datos de los usuarios, implementamos todas las medidas t\u00e9cnicas y organizativas de<br \/>\nseguridad establecidas en la legislaci\u00f3n vigente.<\/p>\n<h3>\u00bfC\u00f3mo obtenemos sus datos?<\/h3>\n<p>Los datos personales que tratamos en Eldeco Florencio Caballero S.L. proceden de:<br \/>\n\u2022 Formularios de contacto.<br \/>\n\u2022 Formularios de suscripci\u00f3n.<br \/>\n\u2022 Comentarios en el blog.<br \/>\n\u2022 Formulario de descarga de activos, como ebooks, calendarios, plantillas, etc.<\/p>\n<h3>\u00bfCu\u00e1les son sus derechos cuando nos facilita sus datos?<\/h3>\n<p>Cualquier persona tiene derecho a obtener confirmaci\u00f3n sobre si en Eldeco Florencio Caballero S.L. tratamos datos personales que nos conciernen o no.<\/p>\n<p>Las personas interesadas tienen derecho a:<br \/>\n\u2022 Solicitar el acceso a los datos personales relativos al interesado.<br \/>\n\u2022 Solicitar su rectificaci\u00f3n o supresi\u00f3n.<br \/>\n\u2022 Solicitar la limitaci\u00f3n de su tratamiento.<br \/>\n\u2022 Oponerse al tratamiento.<br \/>\n\u2022 Solicitar la portabilidad de los datos.<\/p>\n<p>Los interesados podr\u00e1n acceder\u200b a sus datos personales, as\u00ed como a solicitar la rectificaci\u00f3n\u200b de datos inexactos o, en su caso, a solicitar su supresi\u00f3n\u200b cuando, entre otros motivos, los datos ya no sean necesarios para los fines que fueron recogidos. En determinadas circunstancias, los interesados podr\u00e1n solicitar la limitaci\u00f3n\u200b del tratamiento de sus datos, en cuyo caso, \u00fanicamente los conservaremos para el ejercicio o la defensa de reclamaciones. En determinadas circunstancias y por motivos relacionados con su situaci\u00f3n particular, los interesados podr\u00e1n oponerse\u200b al tratamiento de sus datos. Eldeco Florencio Caballero S.L. dejar\u00e1 de tratar los datos, salvo por motivos leg\u00edtimos imperiosos, o el ejercicio o la defensa de posibles reclamaciones. Tambi\u00e9n podr\u00e1n solicitar la portabilidad\u200b de sus datos.<\/p>\n<p>Los interesados tambi\u00e9n tendr\u00e1n derecho a la tutela judicial efectiva y a presentar una reclamaci\u00f3n ante la autoridad de control, en este caso, la Agencia Espa\u00f1ola de Protecci\u00f3n de Datos, si consideran que el tratamiento de datos personales que le conciernen infringe el Reglamento.<\/p>\n<h3>\u00bfCon qu\u00e9 finalidad tratamos sus datos personales?<\/h3>\n<p>Cuando un usuario se conecta con esta web por ejemplo para comentar un post, mandar un correo al titular, suscribirse o realizar alguna contrataci\u00f3n, est\u00e1 facilitando informaci\u00f3n de car\u00e1cter personal de la que es responsable: Mar\u00eda J. Caballero P\u00e9rez.<\/p>\n<p>Esa informaci\u00f3n puede incluir datos de car\u00e1cter personal como pueden ser su direcci\u00f3n IP, nombre, direcci\u00f3n f\u00edsica, direcci\u00f3n de correo electr\u00f3nico, n\u00famero de tel\u00e9fono y otra informaci\u00f3n. Al facilitar esta informaci\u00f3n, el usuario da su consentimiento para que su informaci\u00f3n sea recopilada, utilizada, gestionada y almacenada por Eldeco.es s\u00f3lo como se describe en el Aviso Legal y en la presente Pol\u00edtica de Privacidad.<\/p>\n<p>En Eldeco Florencio Caballero S.L. existen diferentes sistemas de captura de informaci\u00f3n personal y tratamos la informaci\u00f3n que nos facilitan las personas interesadas con el siguiente fin por cada sistema de captura (formularios):<\/p>\n<p><strong>1. Formulario de contacto:\u200b<\/strong> Solicitamos los siguientes datos personales: nombre y apellidos, tel\u00e9fono y correo electr\u00f3nico, para responder a los requerimientos de los usuarios de Eldeco.es Por ejemplo, podemos utilizar esos datos para responder a su solicitud y dar respuesta a las dudas, quejas, comentarios o inquietudes que pueda tener, relativas a la informaci\u00f3n incluida en la web, los servicios que se prestan a trav\u00e9s de la web, el tratamiento de sus datos personales, cuestiones referentes a los textos legales incluidos en la web, as\u00ed como otras consultas que pueda tener y que no est\u00e9n sujetas a las condiciones de contrataci\u00f3n.<\/p>\n<p><strong>2. Formulario de suscripci\u00f3n a contenidos:<\/strong> \u200bEn este caso, solicitamos los siguientes datos personales: Nombre, DNI, Direcci\u00f3n, E mail, para gestionar la lista de suscripciones, enviar boletines, promociones y ofertas especiales, facilitados por el usuario al realizar la suscripci\u00f3n.<\/p>\n<p><strong>3. Formulario de alta para comentarios del blog:<\/strong> \u200bPara comentar las publicaciones del blog de Eldeco.es se requiere que el usuario se d\u00e9 de alta a trav\u00e9s de este formulario. En este caso, solicitamos los siguientes datos personales: Nombre, DNI, Direcci\u00f3n, E mail. Una vez dado de alta, el usuario podr\u00e1 realizar tantos comentarios como desee y dar respuesta sobre los anteriores.<\/p>\n<p><strong>4. Formularios de descarga de activos:<\/strong> \u200bEn este caso, solicitamos los siguientes datos personales: Nombre, DNI, Direcci\u00f3n, E mail, para gestionar el alta de registro de su cuenta.<\/p>\n<h4>Existen otras finalidades por la que tratamos sus datos personales:<\/h4>\n<p>\u2022 Para garantizar el cumplimiento de las condiciones de uso y la ley aplicable. Esto puede incluir el desarrollo de herramientas y algoritmos que ayudan a esta web a garantizar la confidencialidad de los datos personales que recoge.<\/p>\n<p>\u2022 Para apoyar y mejorar los servicios que ofrece esta web.<\/p>\n<p>\u2022 Tambi\u00e9n se recogen otros datos no identificativos que se obtienen mediante algunas cookies que se descargan en el ordenador del usuario cuando navega en esta web que detallamos en la pol\u00edtica de cookies.<\/p>\n<p>\u2022 Para gestionar las redes sociales. Eldeco.es puede tener presencia en redes sociales. El tratamiento de los datos que se lleve a cabo de las personas que se hagan seguidoras en las redes sociales de las p\u00e1ginas oficiales de Eldeco Florencio Caballero S.L., se regir\u00e1 por este apartado. As\u00ed como por aquellas condiciones de uso, pol\u00edticas de privacidad y normativas de acceso que pertenezcan a la red social que proceda en cada caso y aceptadas previamente por el usuario de Eldeco.es. Tratar\u00e1 sus datos con las finalidades de administrar correctamente su presencia en la red social, informando de actividades, productos o servicios de Eldeco.es. As\u00ed como para cualquier otra finalidad que las normativas de las redes sociales permitan. En ning\u00fan caso utilizaremos los perfiles de seguidores en redes sociales para enviar publicidad de manera individual.<\/p>\n<p>Eldeco.es no vende, alquila ni cede datos de car\u00e1cter personal que puedan identificar al usuario, ni lo har\u00e1 en el futuro, a terceros sin el consentimiento previo. Sin embargo, en algunos casos se pueden realizar colaboraciones con otros profesionales; en esos casos, se requerir\u00e1 consentimiento a los usuarios informando sobre la identidad del colaborador y la finalidad de la colaboraci\u00f3n. Siempre se realizar\u00e1 con los m\u00e1s estrictos est\u00e1ndares de seguridad.<\/p>\n<h3>Legitimaci\u00f3n para el tratamiento de tus datos<\/h3>\n<p>La base legal para el tratamiento de sus datos es: el consentimiento \u200bexpreso al hacer \u201cclic\u201d en las casillas de verificaci\u00f3n de cada formulario.<\/p>\n<p>Para contactar o realizar comentarios en esta web se requiere el consentimiento con esta pol\u00edtica de privacidad. La oferta prospectiva o comercial de productos y servicios est\u00e1 basada tambi\u00e9n en el consentimiento que se le solicita, sin que en ning\u00fan caso la retirada de este consentimiento condicione la ejecuci\u00f3n del contrato de suscripci\u00f3n. Tambi\u00e9n la contrataci\u00f3n de productos y servicios seg\u00fan los t\u00e9rminos y condiciones que constan en la pol\u00edtica comercial.<\/p>\n<h3>\u00bfPor cu\u00e1nto tiempo conservaremos sus datos?<\/h3>\n<p>Los datos personales proporcionados se conservar\u00e1n:<br \/>\n\u2022 Mientras se mantenga la relaci\u00f3n mercantil.<br \/>\n\u2022 No se solicite su supresi\u00f3n por parte del interesado.<\/p>\n<h3>\u00bfA qu\u00e9 destinatarios se comunicar\u00e1n sus datos?<\/h3>\n<p>Los datos que usted proporcione a Eldeco.es ser\u00e1n tratados \u00fanica y exclusivamente por Eldeco Florencio Caballero S.L.. Sus datos nunca ser\u00e1n compartidos con otras entidades, excepto para cumplir con la ley o en caso de que cuente con la autorizaci\u00f3n expresa de dichos usuarios.<\/p>\n<h3>Datos de navegaci\u00f3n<\/h3>\n<p>Al navegar por eldeco.es se pueden recoger datos no identificables, que pueden incluir direcciones IP, ubicaci\u00f3n geogr\u00e1fica (aproximadamente), un registro de c\u00f3mo se utilizan los servicios y sitios, y otros datos que no pueden ser utilizados para identificar al usuario. Entre los datos no identificativos est\u00e1n tambi\u00e9n los relacionados a sus h\u00e1bitos de navegaci\u00f3n a trav\u00e9s de servicios de terceros. Esta web utiliza los siguientes servicios de an\u00e1lisis de terceros:<\/p>\n<p>\u2022 Google Analytics.<br \/>\n\u2022 Search Console.<\/p>\n<p>Utilizamos esta informaci\u00f3n para analizar tendencias, administrar el sitio, rastrear los movimientos de los usuarios alrededor del sitio y para recopilar informaci\u00f3n demogr\u00e1fica sobre nuestra base de usuarios en su conjunto.<\/p>\n<h3>Secreto y seguridad de los datos<\/h3>\n<p>Eldeco Florencio Caballero S.L. se compromete en el uso y tratamiento de los datos personales incluidos de los usuarios, respetando su confidencialidad, y a utilizarlos de acuerdo con la finalidad de los mismos, as\u00ed como a dar cumplimiento a su obligaci\u00f3n de guardarlos y adaptar todas las medidas para evitar la alteraci\u00f3n, p\u00e9rdida, tratamiento o acceso no autorizado, de conformidad con lo establecido en la normativa vigente de protecci\u00f3n de datos.<\/p>\n<p>Eldeco Florencio Caballero S.L. no puede garantizar la absoluta inexpugnabilidad de la red de Internet y por tanto, la violaci\u00f3n de los datos mediante accesos fraudulentos a ellos por parte de terceros.<\/p>\n<h3>Exactitud y veracidad de los datos<\/h3>\n<p>Como usuario, usted es el \u00fanico responsable de la veracidad y correcci\u00f3n de los datos que remita a eldeco.es, exonerando a Mar\u00eda J. Caballero P\u00e9rez de cualquier responsabilidad al respecto. Los usuarios garantizan y responden, en cualquier caso, de la exactitud, vigencia y autenticidad de los datos personales facilitados y se comprometen a mantenerlos debidamente actualizados. El usuario acepta proporcionar informaci\u00f3n completa y correcta en el formulario de contacto o suscripci\u00f3n.<\/p>\n<h3>Aceptaci\u00f3n y consentimiento<\/h3>\n<p>El usuario declara haber sido informado de las condiciones sobre protecci\u00f3n de datos de car\u00e1cter personal, aceptando y consintiendo el tratamiento de los mismos por parte de Mar\u00eda J. Caballero P\u00e9rez en la forma y para las finalidades indicadas en esta pol\u00edtica de privacidad.<\/p>\n<h3>Cambios en la pol\u00edtica de privacidad<\/h3>\n<p>Eldeco Florencio Caballero S.L. se reserva el derecho a modificar la presente pol\u00edtica para adaptarla a novedades legislativas o jurisprudenciales, as\u00ed como a pr\u00e1cticas de la industria. En dichos supuestos, el Prestador anunciar\u00e1 en esta p\u00e1gina los cambios introducidos con razonable antelaci\u00f3n a su puesta en pr\u00e1ctica.<\/p>\n<h3>Correos comerciales<\/h3>\n<p>De acuerdo con la LSSICE, Eldeco Florencio Caballero S.L. no realiza pr\u00e1cticas de SPAM, por lo que no enviaremos correos comerciales por v\u00eda electr\u00f3nica que no hayan sido previamente solicitados o autorizados por el usuario.<\/p>\n<p>Por tanto, en cada uno de los formularios habidos en la web, el usuario tiene la posibilidad de dar su consentimiento expreso para recibir el bolet\u00edn, con independencia de la informaci\u00f3n comercial puntualmente solicitada.<\/p>\n<p>Conforme a lo dispuesto en la Ley 34\/2002 de Servicios de la Sociedad de la Informaci\u00f3n y de comercio electr\u00f3nico, Eldeco Florencio Caballero S.L. se compromete a no enviar comunicaciones de car\u00e1cter comercial sin identificarlas debidamente.<\/p>\n<p><strong><em>Documento revisado el 24\/5\/2018<\/em><\/strong><\/p>\n<p>[\/et_pb_text][\/et_pb_column][\/et_pb_row][\/et_pb_section][et_pb_section fb_built=\u00bb1&#8243; _builder_version=\u00bb3.14&#8243; custom_padding=\u00bb17px|0px|17px|0px|true|false\u00bb background_color=\u00bb#000000&#8243;][et_pb_row _builder_version=\u00bb3.14&#8243;][et_pb_column type=\u00bb1_2&#8243; _builder_version=\u00bb3.14&#8243; parallax=\u00bboff\u00bb parallax_method=\u00bbon\u00bb][et_pb_text _builder_version=\u00bb3.14&#8243;]<\/p>\n<p>\u00a9 2015 Eldeco-Florencio Caballero, S.L. &#8211; <a href=\"tel:\/\/667969696\">667 96 96 96<\/a> &#8211; <a href=\"mailto:info@eldeco.es\">info@eldeco.es<\/a><\/p>\n<p>[\/et_pb_text][\/et_pb_column][et_pb_column type=\u00bb1_2&#8243; _builder_version=\u00bb3.14&#8243; parallax=\u00bboff\u00bb parallax_method=\u00bbon\u00bb][et_pb_social_media_follow _builder_version=\u00bb3.14&#8243; text_orientation=\u00bbright\u00bb][et_pb_social_media_follow_network social_network=\u00bbfacebook\u00bb url=\u00bbhttps:\/\/www.facebook.com\/Eldeco.es\u00bb _builder_version=\u00bb3.14&#8243; background_color=\u00bb#3b5998&#8243; follow_button=\u00bboff\u00bb url_new_window=\u00bbon\u00bb]facebook[\/et_pb_social_media_follow_network][et_pb_social_media_follow_network social_network=\u00bbgoogle-plus\u00bb url=\u00bbhttps:\/\/plus.google.com\/u\/0\/+EldecoAltea\/posts\u00bb _builder_version=\u00bb3.14&#8243; background_color=\u00bb#dd4b39&#8243; follow_button=\u00bboff\u00bb url_new_window=\u00bbon\u00bb]google-plus[\/et_pb_social_media_follow_network][et_pb_social_media_follow_network social_network=\u00bblinkedin\u00bb url=\u00bbhttps:\/\/www.linkedin.com\/company\/eldeco?trk=company_logo\u00bb _builder_version=\u00bb3.14&#8243; background_color=\u00bb#007bb6&#8243; follow_button=\u00bboff\u00bb url_new_window=\u00bbon\u00bb]linkedin[\/et_pb_social_media_follow_network][et_pb_social_media_follow_network social_network=\u00bbyoutube\u00bb url=\u00bbhttps:\/\/www.youtube.com\/user\/CanalEldeco\u00bb _builder_version=\u00bb3.14&#8243; background_color=\u00bb#a82400&#8243; follow_button=\u00bboff\u00bb url_new_window=\u00bbon\u00bb]youtube[\/et_pb_social_media_follow_network][\/et_pb_social_media_follow][\/et_pb_column][\/et_pb_row][\/et_pb_section]<\/p>\n","protected":false},"excerpt":{"rendered":"<p>Pol\u00edtica de Privacidad Le damos la bienvenida a la web de eldeco.es y le invitamos a conocer estos t\u00e9rminos antes de que facilite sus datos personales en ella. En Eldeco Florencio Caballero S.L. es una prioridad el respeto y la protecci\u00f3n de los datos personales de los usuarios. Como usuario, debe saber que sus derechos [&hellip;]<\/p>\n","protected":false},"author":2,"featured_media":0,"parent":0,"menu_order":0,"comment_status":"closed","ping_status":"closed","template":"page-template-blank.php","meta":{"_et_pb_use_builder":"on","_et_pb_old_content":"","_et_gb_content_width":"","_uag_custom_page_level_css":"","footnotes":""},"class_list":["post-291","page","type-page","status-publish","hentry"],"uagb_featured_image_src":{"full":false,"thumbnail":false,"medium":false,"medium_large":false,"large":false,"1536x1536":false,"2048x2048":false,"et-pb-post-main-image":false,"et-pb-post-main-image-fullwidth":false,"et-pb-portfolio-image":false,"et-pb-portfolio-module-image":false,"et-pb-portfolio-image-single":false,"et-pb-gallery-module-image-portrait":false,"et-pb-post-main-image-fullwidth-large":false,"et-pb-image--responsive--desktop":false,"et-pb-image--responsive--tablet":false,"et-pb-image--responsive--phone":false},"uagb_author_info":{"display_name":"eldeco","author_link":"https:\/\/www.eldeco.es\/trends\/author\/eldeco\/"},"uagb_comment_info":0,"uagb_excerpt":"Pol\u00edtica de Privacidad Le damos la bienvenida a la web de eldeco.es y le invitamos a conocer estos t\u00e9rminos antes de que facilite sus datos personales en ella. En Eldeco Florencio Caballero S.L. es una prioridad el respeto y la protecci\u00f3n de los datos personales de los usuarios. Como usuario, debe saber que sus derechos&hellip;","_links":{"self":[{"href":"https:\/\/www.eldeco.es\/trends\/wp-json\/wp\/v2\/pages\/291"}],"collection":[{"href":"https:\/\/www.eldeco.es\/trends\/wp-json\/wp\/v2\/pages"}],"about":[{"href":"https:\/\/www.eldeco.es\/trends\/wp-json\/wp\/v2\/types\/page"}],"author":[{"embeddable":true,"href":"https:\/\/www.eldeco.es\/trends\/wp-json\/wp\/v2\/users\/2"}],"replies":[{"embeddable":true,"href":"https:\/\/www.eldeco.es\/trends\/wp-json\/wp\/v2\/comments?post=291"}],"version-history":[{"count":0,"href":"https:\/\/www.eldeco.es\/trends\/wp-json\/wp\/v2\/pages\/291\/revisions"}],"wp:attachment":[{"href":"https:\/\/www.eldeco.es\/trends\/wp-json\/wp\/v2\/media?parent=291"}],"curies":[{"name":"wp","href":"https:\/\/api.w.org\/{rel}","templated":true}]}}